{"id":156,"date":"2015-07-16T09:12:51","date_gmt":"2015-07-16T09:12:51","guid":{"rendered":"http:\/\/test.kriesi.at\/minimal-portfolio\/?page_id=156"},"modified":"2025-01-17T21:00:14","modified_gmt":"2025-01-17T21:00:14","slug":"kontakt","status":"publish","type":"page","link":"https:\/\/lune-invest.si\/index.php\/kontakt\/","title":{"rendered":"Kontakt"},"content":{"rendered":"<div id='av-layout-grid-1'  class='av-layout-grid-container av-43o95g-d593e5b61d80c0943f2de41067ac4a12 entry-content-wrapper main_color av-flex-cells  avia-builder-el-0  el_before_av_section  avia-builder-el-first   container_wrap fullsize'  >\n\n<style type=\"text\/css\" data-created_by=\"avia_inline_auto\" id=\"style-css-av-3cth50-0465b0daeead97fcc26146a6d3e685fb\">\n.flex_cell.av-3cth50-0465b0daeead97fcc26146a6d3e685fb{\nvertical-align:middle;\nheight:430px;\nmin-height:430px;\nbackground-color:#f7f7f7;\n}\n.responsive #top #wrap_all .flex_cell.av-3cth50-0465b0daeead97fcc26146a6d3e685fb{\npadding:30px 100px 30px 100px !important;\n}\n<\/style>\n<div class='flex_cell av-3cth50-0465b0daeead97fcc26146a6d3e685fb av-gridrow-cell av_one_full no_margin  avia-builder-el-1  avia-builder-el-no-sibling '  ><div class='flex_cell_inner'>\n<style type=\"text\/css\" data-created_by=\"avia_inline_auto\" id=\"style-css-av-3azfto-ad7c8353c23105278220b429a52a2435\">\n.flex_column.av-3azfto-ad7c8353c23105278220b429a52a2435{\nborder-radius:0px 0px 0px 0px;\npadding:0px 0px 0px 0px;\n}\n<\/style>\n<div  class='flex_column av-3azfto-ad7c8353c23105278220b429a52a2435 av_one_full  avia-builder-el-2  avia-builder-el-no-sibling  first flex_column_div av-animated-generic bottom-to-top av-zero-column-padding  '     ><p>\n<style type=\"text\/css\" data-created_by=\"avia_inline_auto\" id=\"style-css-av-31fplg-546dfc0738a92a5042297a039332b28b\">\n#top .av-special-heading.av-31fplg-546dfc0738a92a5042297a039332b28b{\npadding-bottom:10px;\n}\nbody .av-special-heading.av-31fplg-546dfc0738a92a5042297a039332b28b .av-special-heading-tag .heading-char{\nfont-size:25px;\n}\n.av-special-heading.av-31fplg-546dfc0738a92a5042297a039332b28b .av-subheading{\nfont-size:15px;\n}\n<\/style>\n<div  class='av-special-heading av-31fplg-546dfc0738a92a5042297a039332b28b av-special-heading-h3 blockquote modern-quote modern-centered  avia-builder-el-3  el_before_av_textblock  avia-builder-el-first '><h3 class='av-special-heading-tag'  itemprop=\"headline\"  >Na\u0161a lokacija<\/h3><div class=\"special-heading-border\"><div class=\"special-heading-inner-border\"><\/div><\/div><\/div><br \/>\n\n<style type=\"text\/css\" data-created_by=\"avia_inline_auto\" id=\"style-css-av-2v8xj8-fd6584cffa2396f1aae3b0e94f6818fc\">\n#top .av_textblock_section.av-2v8xj8-fd6584cffa2396f1aae3b0e94f6818fc .avia_textblock{\ntext-align:center;\n}\n<\/style>\n<section  class='av_textblock_section av-2v8xj8-fd6584cffa2396f1aae3b0e94f6818fc '   itemscope=\"itemscope\" itemtype=\"https:\/\/schema.org\/CreativeWork\" ><div class='avia_textblock'  itemprop=\"text\" ><p>Brodi\u0161\u010de 18<\/p>\n<p>1236 Trzin<\/p>\n<p>Slovenija<\/p>\n<p><b>info@lune-invest.si<br \/>\n<\/b><br \/>\n+386 (0) 1 563 70 93<br \/>\n+386 (0) 41 618 140<\/p>\n<\/div><\/section><\/p><\/div>\n<\/div><\/div>\n<\/div>\n<div id='av_section_1'  class='avia-section av-2rpj44-3f95bc2a6b488552cc171b5c163c26ce main_color avia-section-default avia-no-border-styling  avia-builder-el-5  el_after_av_layout_row  avia-builder-el-last  avia-bg-style-scroll container_wrap fullsize'  ><div class='container av-section-cont-open' ><div class='template-page content  av-content-full alpha units'><div class='post-entry post-entry-type-page post-entry-156'><div class='entry-content-wrapper clearfix'>\n\n<style type=\"text\/css\" data-created_by=\"avia_inline_auto\" id=\"style-css-av-2lbaj8-908e019644ab582b1c246ba45d2014a4\">\n#top .hr.av-2lbaj8-908e019644ab582b1c246ba45d2014a4{\nmargin-top:40px;\nmargin-bottom:60px;\n}\n.hr.av-2lbaj8-908e019644ab582b1c246ba45d2014a4 .hr-inner{\nwidth:200px;\nborder-color:#dbdbdb;\nmax-width:45%;\n}\n<\/style>\n<div  class='hr av-2lbaj8-908e019644ab582b1c246ba45d2014a4 hr-custom  avia-builder-el-6  el_before_av_one_fifth  avia-builder-el-first  hr-center hr-icon-yes'><span class='hr-inner inner-border-av-border-thin'><span class=\"hr-inner-style\"><\/span><\/span><span class='av-seperator-icon' aria-hidden='true' data-av_icon='\ue810' data-av_iconfont='entypo-fontello'><\/span><span class='hr-inner inner-border-av-border-thin'><span class=\"hr-inner-style\"><\/span><\/span><\/div>\n\n<style type=\"text\/css\" data-created_by=\"avia_inline_auto\" id=\"style-css-av-2ha2ws-59f68f2702453d6720c8bfdcbdf39ef2\">\n.flex_column.av-2ha2ws-59f68f2702453d6720c8bfdcbdf39ef2{\nborder-radius:0px 0px 0px 0px;\npadding:0px 0px 0px 0px;\n}\n<\/style>\n<div  class='flex_column av-2ha2ws-59f68f2702453d6720c8bfdcbdf39ef2 av_one_fifth  avia-builder-el-7  el_after_av_hr  el_before_av_three_fifth  first flex_column_div av-zero-column-padding  '     ><\/div>\n<style type=\"text\/css\" data-created_by=\"avia_inline_auto\" id=\"style-css-av-2aay0k-692bc7b5b170c24ee2a49b34f5479218\">\n.flex_column.av-2aay0k-692bc7b5b170c24ee2a49b34f5479218{\nborder-radius:0px 0px 0px 0px;\npadding:0px 0px 0px 0px;\n}\n<\/style>\n<div  class='flex_column av-2aay0k-692bc7b5b170c24ee2a49b34f5479218 av_three_fifth  avia-builder-el-8  el_after_av_one_fifth  el_before_av_one_fifth  flex_column_div av-animated-generic bottom-to-top av-zero-column-padding  '     ><p>\n<style type=\"text\/css\" data-created_by=\"avia_inline_auto\" id=\"style-css-av-22yyxg-efef6230f48d78b3ce5bf6f65d597ca7\">\n#top .av-special-heading.av-22yyxg-efef6230f48d78b3ce5bf6f65d597ca7{\npadding-bottom:10px;\n}\nbody .av-special-heading.av-22yyxg-efef6230f48d78b3ce5bf6f65d597ca7 .av-special-heading-tag .heading-char{\nfont-size:25px;\n}\n.av-special-heading.av-22yyxg-efef6230f48d78b3ce5bf6f65d597ca7 .av-subheading{\nfont-size:15px;\n}\n<\/style>\n<div  class='av-special-heading av-22yyxg-efef6230f48d78b3ce5bf6f65d597ca7 av-special-heading-h3 blockquote modern-quote modern-centered  avia-builder-el-9  el_before_av_textblock  avia-builder-el-first '><h3 class='av-special-heading-tag'  itemprop=\"headline\"  >Po\u0161ljite povpra\u0161evanje<\/h3><div class=\"special-heading-border\"><div class=\"special-heading-inner-border\"><\/div><\/div><\/div><br \/>\n<section  class='av_textblock_section av-1ugbks-143ee8606196fbfdfc7d9b6693415d0c '   itemscope=\"itemscope\" itemtype=\"https:\/\/schema.org\/CreativeWork\" ><div class='avia_textblock'  itemprop=\"text\" ><p style=\"text-align: center;\">Po\u0161ljite nam va\u0161a vpra\u0161anja in zanimanja in odgovorili vam bomo v najkraj\u0161em mo\u017enem \u010dasu.<\/p>\n<\/div><\/section><\/p><\/div>\n<style type=\"text\/css\" data-created_by=\"avia_inline_auto\" id=\"style-css-av-1rr5w4-b8cca3a1baa6eb87705998da0cf82fd3\">\n.flex_column.av-1rr5w4-b8cca3a1baa6eb87705998da0cf82fd3{\nborder-radius:0px 0px 0px 0px;\npadding:0px 0px 0px 0px;\n}\n<\/style>\n<div  class='flex_column av-1rr5w4-b8cca3a1baa6eb87705998da0cf82fd3 av_one_fifth  avia-builder-el-11  el_after_av_three_fifth  el_before_av_hr  flex_column_div av-zero-column-padding  '     ><\/div>\n<style type=\"text\/css\" data-created_by=\"avia_inline_auto\" id=\"style-css-av-1ialv0-56216206f42cfdab32c2bf153a0e4631\">\n#top .hr.av-1ialv0-56216206f42cfdab32c2bf153a0e4631{\nmargin-top:60px;\nmargin-bottom:80px;\n}\n.hr.av-1ialv0-56216206f42cfdab32c2bf153a0e4631 .hr-inner{\nwidth:200px;\nborder-color:#dbdbdb;\nmax-width:45%;\n}\n<\/style>\n<div  class='hr av-1ialv0-56216206f42cfdab32c2bf153a0e4631 hr-custom  avia-builder-el-12  el_after_av_one_fifth  el_before_av_one_fifth  hr-center hr-icon-yes'><span class='hr-inner inner-border-av-border-thin'><span class=\"hr-inner-style\"><\/span><\/span><span class='av-seperator-icon' aria-hidden='true' data-av_icon='\ue810' data-av_iconfont='entypo-fontello'><\/span><span class='hr-inner inner-border-av-border-thin'><span class=\"hr-inner-style\"><\/span><\/span><\/div>\n\n<style type=\"text\/css\" data-created_by=\"avia_inline_auto\" id=\"style-css-av-1fm10c-beedf80b5c3a573e76a60d1ed04c304b\">\n.flex_column.av-1fm10c-beedf80b5c3a573e76a60d1ed04c304b{\nborder-radius:0px 0px 0px 0px;\npadding:0px 0px 0px 0px;\n}\n<\/style>\n<div  class='flex_column av-1fm10c-beedf80b5c3a573e76a60d1ed04c304b av_one_fifth  avia-builder-el-13  el_after_av_hr  el_before_av_three_fifth  first flex_column_div av-zero-column-padding  '     ><\/div>\n<style type=\"text\/css\" data-created_by=\"avia_inline_auto\" id=\"style-css-av-1ajlvo-b94da36c10a84d9ee9e6da685e599c51\">\n.flex_column.av-1ajlvo-b94da36c10a84d9ee9e6da685e599c51{\nborder-radius:0px 0px 0px 0px;\npadding:0px 0px 0px 0px;\n}\n<\/style>\n<div  class='flex_column av-1ajlvo-b94da36c10a84d9ee9e6da685e599c51 av_three_fifth  avia-builder-el-14  el_after_av_one_fifth  el_before_av_one_fifth  flex_column_div av-zero-column-padding  '     ><form action=\"https:\/\/lune-invest.si\/index.php\/kontakt\/\" method=\"post\" data-fields-with-error=\"Found errors in the following field(s):\" class=\"avia_ajax_form av-form-labels-hidden   avia-builder-el-15  avia-builder-el-no-sibling  av-centered-form   \" data-avia-form-id=\"1\" data-avia-redirect='' ><fieldset><p class='  first_form  form_element form_element_third' id='element_avia_1_1'><label for=\"avia_1_1\">Ime <abbr class=\"required\" title=\"required\">*<\/abbr><\/label> <input name=\"avia_1_1\" class=\"text_input is_empty\" type=\"text\" id=\"avia_1_1\" value=\"\"  placeholder='Ime*'\/><\/p><p class='  form_element form_element_third' id='element_avia_2_1'><label for=\"avia_2_1\">E-Mail <abbr class=\"required\" title=\"required\">*<\/abbr><\/label> <input name=\"avia_2_1\" class=\"text_input is_email\" type=\"text\" id=\"avia_2_1\" value=\"\"  placeholder='E-Mail*'\/><\/p><p class='  form_element form_element_third' id='element_avia_3_1'><label for=\"avia_3_1\">Subjekt<\/label> <input name=\"avia_3_1\" class=\"text_input \" type=\"text\" id=\"avia_3_1\" value=\"\"  placeholder='Subjekt'\/><\/p><p class='  first_form  form_element form_fullwidth' id='element_avia_4_1'><label for=\"avia_4_1\" class=\"textare_label hidden textare_label_avia_4_1\">Sporo\u010dilo <abbr class=\"required\" title=\"required\">*<\/abbr><\/label><textarea  placeholder='Sporo\u010dilo*' name=\"avia_4_1\" class=\"text_area is_empty\" cols=\"40\" rows=\"7\" id=\"avia_4_1\" ><\/textarea><\/p><p class=\"hidden\"><input type=\"text\" name=\"avia_5_1\" class=\"hidden \" id=\"avia_5_1\" value=\"\" \/><\/p><p class='   form_element form_fullwidth' id='element_avia_6_1'><span class='value_verifier_label'>4 + 3 = ?<\/span><input name=\"avia_6_1_verifier\" type=\"hidden\" id=\"avia_6_1_verifier\" value=\"277164471\"\/><label for=\"avia_6_1\">Please prove that you are human by solving the equation <abbr class=\"required\" title=\"required\">*<\/abbr><\/label><input name=\"avia_6_1\" class=\"text_input captcha\" type=\"text\" id=\"avia_6_1\" value=\"\"\/><\/p><p class=\"form_element \"><input type=\"hidden\" value=\"1\" name=\"avia_generated_form1\" \/><input type=\"submit\" value=\"Submit\" class=\"button\"  data-sending-label=\"Sending\"\/><\/p><\/fieldset><\/form><div id=\"ajaxresponse_1\" class=\"ajaxresponse ajaxresponse_1 hidden\"><\/div><\/div>\n<style type=\"text\/css\" data-created_by=\"avia_inline_auto\" id=\"style-css-av-8g23w-ca10b92f757c39ccbf533e3fd4d17a61\">\n.flex_column.av-8g23w-ca10b92f757c39ccbf533e3fd4d17a61{\nborder-radius:0px 0px 0px 0px;\npadding:0px 0px 0px 0px;\n}\n<\/style>\n<div  class='flex_column av-8g23w-ca10b92f757c39ccbf533e3fd4d17a61 av_one_fifth  avia-builder-el-16  el_after_av_three_fifth  avia-builder-el-last  flex_column_div av-zero-column-padding  '     ><\/div>\n","protected":false},"excerpt":{"rendered":"","protected":false},"author":2,"featured_media":0,"parent":0,"menu_order":0,"comment_status":"open","ping_status":"open","template":"","meta":{"_bbp_topic_count":0,"_bbp_reply_count":0,"_bbp_total_topic_count":0,"_bbp_total_reply_count":0,"_bbp_voice_count":0,"_bbp_anonymous_reply_count":0,"_bbp_topic_count_hidden":0,"_bbp_reply_count_hidden":0,"_bbp_forum_subforum_count":0,"footnotes":""},"_links":{"self":[{"href":"https:\/\/lune-invest.si\/index.php\/wp-json\/wp\/v2\/pages\/156"}],"collection":[{"href":"https:\/\/lune-invest.si\/index.php\/wp-json\/wp\/v2\/pages"}],"about":[{"href":"https:\/\/lune-invest.si\/index.php\/wp-json\/wp\/v2\/types\/page"}],"author":[{"embeddable":true,"href":"https:\/\/lune-invest.si\/index.php\/wp-json\/wp\/v2\/users\/2"}],"replies":[{"embeddable":true,"href":"https:\/\/lune-invest.si\/index.php\/wp-json\/wp\/v2\/comments?post=156"}],"version-history":[{"count":17,"href":"https:\/\/lune-invest.si\/index.php\/wp-json\/wp\/v2\/pages\/156\/revisions"}],"predecessor-version":[{"id":421,"href":"https:\/\/lune-invest.si\/index.php\/wp-json\/wp\/v2\/pages\/156\/revisions\/421"}],"wp:attachment":[{"href":"https:\/\/lune-invest.si\/index.php\/wp-json\/wp\/v2\/media?parent=156"}],"curies":[{"name":"wp","href":"https:\/\/api.w.org\/{rel}","templated":true}]}}