{"id":154,"date":"2015-07-16T09:12:44","date_gmt":"2015-07-16T09:12:44","guid":{"rendered":"http:\/\/test.kriesi.at\/minimal-portfolio\/?page_id=154"},"modified":"2016-02-23T23:51:02","modified_gmt":"2016-02-23T23:51:02","slug":"onas","status":"publish","type":"page","link":"https:\/\/lune-invest.si\/index.php\/onas\/","title":{"rendered":"O nas"},"content":{"rendered":"<div id='av_section_1'  class='avia-section av-av_section-d18d8c2c81d10022ebd21ffa95322c35 main_color avia-section-default avia-no-shadow  avia-builder-el-0  avia-builder-el-no-sibling  avia-bg-style-scroll container_wrap fullsize'  ><div class='container av-section-cont-open' ><main  role=\"main\" itemprop=\"mainContentOfPage\"  class='template-page content  av-content-full alpha units'><div class='post-entry post-entry-type-page post-entry-154'><div class='entry-content-wrapper clearfix'>\n\n<style type=\"text\/css\" data-created_by=\"avia_inline_auto\" id=\"style-css-av-av_hr-661080183d8a6a3cabf3b64826bda987\">\n#top .hr.hr-invisible.av-av_hr-661080183d8a6a3cabf3b64826bda987{\nmargin-top:-100px;\nheight:1px;\n}\n<\/style>\n<div  class='hr av-av_hr-661080183d8a6a3cabf3b64826bda987 hr-invisible  avia-builder-el-1  el_before_av_slideshow  avia-builder-el-first '><span class='hr-inner '><span class=\"hr-inner-style\"><\/span><\/span><\/div>\n<div  class='avia-slideshow av-av_slideshow-d81ce06863ca46c434ebef43a18aebfe avia-slideshow-featured_large av_slideshow avia-slide-slider  avia-builder-el-2  el_after_av_hr  el_before_av_hr  av-slideshow-ui av-control-minimal av-slideshow-manual av-loop-once av-loop-manual-endless av-default-height-applied avia-slideshow-1' data-slideshow-options=\"{&quot;animation&quot;:&quot;slide&quot;,&quot;autoplay&quot;:false,&quot;loop_autoplay&quot;:&quot;once&quot;,&quot;interval&quot;:5,&quot;loop_manual&quot;:&quot;manual-endless&quot;,&quot;autoplay_stopper&quot;:false,&quot;noNavigation&quot;:false,&quot;bg_slider&quot;:false,&quot;keep_padding&quot;:false,&quot;hoverpause&quot;:false,&quot;show_slide_delay&quot;:0}\"  itemprop=\"image\" itemscope=\"itemscope\" itemtype=\"https:\/\/schema.org\/ImageObject\" ><ul class='avia-slideshow-inner ' style='padding-bottom: 42%;'><li  class='avia-slideshow-slide av-av_slideshow-d81ce06863ca46c434ebef43a18aebfe__0  av-single-slide slide-1 slide-odd'><div data-rel='slideshow-1' class='avia-slide-wrap '   ><img decoding=\"async\" fetchpriority=\"high\" class=\"wp-image-266 avia-img-lazy-loading-not-266\"  src=\"https:\/\/lune-invest.si\/wp-content\/uploads\/2015\/07\/onas_slider.jpg\" width=\"1500\" height=\"630\" title='onas_slider' alt=''  itemprop=\"thumbnailUrl\" srcset=\"https:\/\/lune-invest.si\/wp-content\/uploads\/2015\/07\/onas_slider.jpg 1500w, https:\/\/lune-invest.si\/wp-content\/uploads\/2015\/07\/onas_slider-300x126.jpg 300w, https:\/\/lune-invest.si\/wp-content\/uploads\/2015\/07\/onas_slider-1024x430.jpg 1024w, https:\/\/lune-invest.si\/wp-content\/uploads\/2015\/07\/onas_slider-705x296.jpg 705w, https:\/\/lune-invest.si\/wp-content\/uploads\/2015\/07\/onas_slider-450x189.jpg 450w\" sizes=\"(max-width: 1500px) 100vw, 1500px\" \/><\/div><\/li><\/ul><\/div>\n\n<style type=\"text\/css\" data-created_by=\"avia_inline_auto\" id=\"style-css-av-av_hr-53199bed8ee93c4e809b607ae201b890\">\n#top .hr.av-av_hr-53199bed8ee93c4e809b607ae201b890{\nmargin-top:50px;\nmargin-bottom:80px;\n}\n.hr.av-av_hr-53199bed8ee93c4e809b607ae201b890 .hr-inner{\nwidth:200px;\nborder-color:#dbdbdb;\nmax-width:45%;\n}\n<\/style>\n<div  class='hr av-av_hr-53199bed8ee93c4e809b607ae201b890 hr-custom  avia-builder-el-3  el_after_av_slideshow  el_before_av_heading  hr-center hr-icon-yes'><span class='hr-inner inner-border-av-border-thin'><span class=\"hr-inner-style\"><\/span><\/span><span class='av-seperator-icon' aria-hidden='true' data-av_icon='\ue821' data-av_iconfont='entypo-fontello'><\/span><span class='hr-inner inner-border-av-border-thin'><span class=\"hr-inner-style\"><\/span><\/span><\/div>\n\n<style type=\"text\/css\" data-created_by=\"avia_inline_auto\" id=\"style-css-av-av_heading-c0ae95cdff15cc4592f7b8dd054cd54c\">\n#top .av-special-heading.av-av_heading-c0ae95cdff15cc4592f7b8dd054cd54c{\npadding-bottom:20px;\ncolor:#444444;\nfont-size:24px;\n}\nbody .av-special-heading.av-av_heading-c0ae95cdff15cc4592f7b8dd054cd54c .av-special-heading-tag .heading-char{\nfont-size:25px;\n}\n#top #wrap_all .av-special-heading.av-av_heading-c0ae95cdff15cc4592f7b8dd054cd54c .av-special-heading-tag{\nfont-size:24px;\n}\n.av-special-heading.av-av_heading-c0ae95cdff15cc4592f7b8dd054cd54c .special-heading-inner-border{\nborder-color:#444444;\n}\n.av-special-heading.av-av_heading-c0ae95cdff15cc4592f7b8dd054cd54c .av-subheading{\nfont-size:13px;\n}\n\n@media only screen and (min-width: 480px) and (max-width: 767px){ \n#top #wrap_all .av-special-heading.av-av_heading-c0ae95cdff15cc4592f7b8dd054cd54c .av-special-heading-tag{\nfont-size:0.8em;\n}\n}\n\n@media only screen and (max-width: 479px){ \n#top #wrap_all .av-special-heading.av-av_heading-c0ae95cdff15cc4592f7b8dd054cd54c .av-special-heading-tag{\nfont-size:0.8em;\n}\n}\n<\/style>\n<div  class='av-special-heading av-av_heading-c0ae95cdff15cc4592f7b8dd054cd54c av-special-heading-h2 custom-color-heading blockquote modern-quote modern-centered  avia-builder-el-4  el_after_av_hr  el_before_av_one_fifth  av-inherit-size'><h2 class='av-special-heading-tag'  itemprop=\"headline\"  >IZKAZNICA PODJETJA<\/h2><div class=\"special-heading-border\"><div class=\"special-heading-inner-border\"><\/div><\/div><\/div>\n\n<style type=\"text\/css\" data-created_by=\"avia_inline_auto\" id=\"style-css-av-av_one_fifth-9497bbf8bff73ea4c6992cc17fa9ec36\">\n.flex_column.av-av_one_fifth-9497bbf8bff73ea4c6992cc17fa9ec36{\nborder-radius:0px 0px 0px 0px;\npadding:0px 0px 0px 0px;\n}\n<\/style>\n<div  class='flex_column av-av_one_fifth-9497bbf8bff73ea4c6992cc17fa9ec36 av_one_fifth  avia-builder-el-5  el_after_av_heading  el_before_av_three_fifth  first flex_column_div av-zero-column-padding  '     ><\/div>\n<style type=\"text\/css\" data-created_by=\"avia_inline_auto\" id=\"style-css-av-av_three_fifth-9c1d454dc06f7247226bc4e8f931daae\">\n.flex_column.av-av_three_fifth-9c1d454dc06f7247226bc4e8f931daae{\nborder-radius:0px 0px 0px 0px;\npadding:0px 0px 0px 0px;\n}\n<\/style>\n<div  class='flex_column av-av_three_fifth-9c1d454dc06f7247226bc4e8f931daae av_three_fifth  avia-builder-el-6  el_after_av_one_fifth  el_before_av_one_fifth  flex_column_div av-zero-column-padding  '     ><section  class='av_textblock_section av-av_textblock-0366cc7376be6c9e82a3e9cc8987b64f '   itemscope=\"itemscope\" itemtype=\"https:\/\/schema.org\/CreativeWork\" ><div class='avia_textblock'  itemprop=\"text\" ><p style=\"text-align: center;\">Podjetje ima dolgoletno tradicijo, saj smo prve poslovne prostore v Trzinu oddali \u017ee leta 2000, ko smo zgradili prvo samostojno poslovno stavbo in leta 2004 \u0161e eno, pod katero se je podpisalo gradbeno podjetje Monta\u017ea \u0160kerjanec d.o.o. Tako smo z letom 2012 pri\u010deli oddajati nepremi\u010dnine v okviru nove pravne osebe LUNE INVEST d.o.o. Lastnik obeh podjetij je Marjan \u0160kerjanec, ki v sodelovanju s svojim dru\u017einskim gradbenim podjetjem sledi \u017eeljam in potrebam najemnikov ter jim nudi mo\u017enost ureditve in preureditve prostorov.<\/p>\n<\/div><\/section><\/div>\n<style type=\"text\/css\" data-created_by=\"avia_inline_auto\" id=\"style-css-av-av_one_fifth-9c1d454dc06f7247226bc4e8f931daae\">\n.flex_column.av-av_one_fifth-9c1d454dc06f7247226bc4e8f931daae{\nborder-radius:0px 0px 0px 0px;\npadding:0px 0px 0px 0px;\n}\n<\/style>\n<div  class='flex_column av-av_one_fifth-9c1d454dc06f7247226bc4e8f931daae av_one_fifth  avia-builder-el-8  el_after_av_three_fifth  el_before_av_hr  flex_column_div av-zero-column-padding  '     ><\/div>\n<style type=\"text\/css\" data-created_by=\"avia_inline_auto\" id=\"style-css-av-av_hr-d5ffef4d289aa54d8b06004e66688e2a\">\n#top .hr.av-av_hr-d5ffef4d289aa54d8b06004e66688e2a{\nmargin-top:50px;\nmargin-bottom:80px;\n}\n.hr.av-av_hr-d5ffef4d289aa54d8b06004e66688e2a .hr-inner{\nwidth:200px;\nborder-color:#dbdbdb;\nmax-width:45%;\n}\n<\/style>\n<div  class='hr av-av_hr-d5ffef4d289aa54d8b06004e66688e2a hr-custom  avia-builder-el-9  el_after_av_one_fifth  el_before_av_one_fifth  hr-center hr-icon-yes'><span class='hr-inner inner-border-av-border-thin'><span class=\"hr-inner-style\"><\/span><\/span><span class='av-seperator-icon' aria-hidden='true' data-av_icon='\ue810' data-av_iconfont='entypo-fontello'><\/span><span class='hr-inner inner-border-av-border-thin'><span class=\"hr-inner-style\"><\/span><\/span><\/div>\n\n<style type=\"text\/css\" data-created_by=\"avia_inline_auto\" id=\"style-css-av-av_one_fifth-9497bbf8bff73ea4c6992cc17fa9ec36\">\n.flex_column.av-av_one_fifth-9497bbf8bff73ea4c6992cc17fa9ec36{\nborder-radius:0px 0px 0px 0px;\npadding:0px 0px 0px 0px;\n}\n<\/style>\n<div  class='flex_column av-av_one_fifth-9497bbf8bff73ea4c6992cc17fa9ec36 av_one_fifth  avia-builder-el-10  el_after_av_hr  el_before_av_three_fifth  first flex_column_div av-zero-column-padding  '     ><\/div>\n<style type=\"text\/css\" data-created_by=\"avia_inline_auto\" id=\"style-css-av-av_three_fifth-9c1d454dc06f7247226bc4e8f931daae\">\n.flex_column.av-av_three_fifth-9c1d454dc06f7247226bc4e8f931daae{\nborder-radius:0px 0px 0px 0px;\npadding:0px 0px 0px 0px;\n}\n<\/style>\n<div  class='flex_column av-av_three_fifth-9c1d454dc06f7247226bc4e8f931daae av_three_fifth  avia-builder-el-11  el_after_av_one_fifth  el_before_av_one_fifth  flex_column_div av-zero-column-padding  '     ><section  class='av_textblock_section av-av_textblock-0366cc7376be6c9e82a3e9cc8987b64f '   itemscope=\"itemscope\" itemtype=\"https:\/\/schema.org\/CreativeWork\" ><div class='avia_textblock'  itemprop=\"text\" ><p style=\"text-align: center;\">Lune Invest, upravljanje z nepremi\u010dninami d.o.o.<\/p>\n<p style=\"text-align: center;\">Brodi\u0161\u010de 18, 1236 Trzin, upravna enota Dom\u017eale<\/p>\n<p style=\"text-align: center;\">Dav\u010dna \u0161tevilka: SI\u00a084118946,\u00a0Mati\u010dna \u0161tevilka:\u00a06173390000<\/p>\n<p style=\"text-align: center;\">Transakcijski ra\u010dun:\u00a0IBAN\u00a0SI56 3500 1000 0385 778\u00a0(BKS BANK AG)<\/p>\n<\/div><\/section><\/div>\n<style type=\"text\/css\" data-created_by=\"avia_inline_auto\" id=\"style-css-av-av_one_fifth-9c1d454dc06f7247226bc4e8f931daae\">\n.flex_column.av-av_one_fifth-9c1d454dc06f7247226bc4e8f931daae{\nborder-radius:0px 0px 0px 0px;\npadding:0px 0px 0px 0px;\n}\n<\/style>\n<div  class='flex_column av-av_one_fifth-9c1d454dc06f7247226bc4e8f931daae av_one_fifth  avia-builder-el-13  el_after_av_three_fifth  el_before_av_hr  flex_column_div av-zero-column-padding  '     ><\/div>\n<style type=\"text\/css\" data-created_by=\"avia_inline_auto\" id=\"style-css-av-av_hr-0688d0b0b6ed2f8b057db7a8270206df\">\n#top .hr.hr-invisible.av-av_hr-0688d0b0b6ed2f8b057db7a8270206df{\nheight:50px;\n}\n<\/style>\n<div  class='hr av-av_hr-0688d0b0b6ed2f8b057db7a8270206df hr-invisible  avia-builder-el-14  el_after_av_one_fifth  avia-builder-el-last '><span class='hr-inner '><span class=\"hr-inner-style\"><\/span><\/span><\/div>\n\n","protected":false},"excerpt":{"rendered":"","protected":false},"author":2,"featured_media":0,"parent":0,"menu_order":0,"comment_status":"open","ping_status":"open","template":"","meta":{"_bbp_topic_count":0,"_bbp_reply_count":0,"_bbp_total_topic_count":0,"_bbp_total_reply_count":0,"_bbp_voice_count":0,"_bbp_anonymous_reply_count":0,"_bbp_topic_count_hidden":0,"_bbp_reply_count_hidden":0,"_bbp_forum_subforum_count":0,"footnotes":""},"_links":{"self":[{"href":"https:\/\/lune-invest.si\/index.php\/wp-json\/wp\/v2\/pages\/154"}],"collection":[{"href":"https:\/\/lune-invest.si\/index.php\/wp-json\/wp\/v2\/pages"}],"about":[{"href":"https:\/\/lune-invest.si\/index.php\/wp-json\/wp\/v2\/types\/page"}],"author":[{"embeddable":true,"href":"https:\/\/lune-invest.si\/index.php\/wp-json\/wp\/v2\/users\/2"}],"replies":[{"embeddable":true,"href":"https:\/\/lune-invest.si\/index.php\/wp-json\/wp\/v2\/comments?post=154"}],"version-history":[{"count":7,"href":"https:\/\/lune-invest.si\/index.php\/wp-json\/wp\/v2\/pages\/154\/revisions"}],"predecessor-version":[{"id":326,"href":"https:\/\/lune-invest.si\/index.php\/wp-json\/wp\/v2\/pages\/154\/revisions\/326"}],"wp:attachment":[{"href":"https:\/\/lune-invest.si\/index.php\/wp-json\/wp\/v2\/media?parent=154"}],"curies":[{"name":"wp","href":"https:\/\/api.w.org\/{rel}","templated":true}]}}